{"id":8,"date":"2020-09-10T22:48:24","date_gmt":"2020-09-10T20:48:24","guid":{"rendered":"http:\/\/ecologis-hamoir.be\/?page_id=8"},"modified":"2025-06-21T16:05:46","modified_gmt":"2025-06-21T14:05:46","slug":"accueil","status":"publish","type":"page","link":"https:\/\/ecologis-hamoir.be\/nl\/","title":{"rendered":"Welkom !"},"content":{"rendered":"<p data-start=\"81\" data-end=\"212\"><strong data-start=\"81\" data-end=\"128\">Welkom bij Hamoir Ecologis.<\/strong><br data-start=\"128\" data-end=\"131\" \/>Waar comfort en ecologie elkaar ontmoeten, in het hart van het prachtige Hameau de Lassus.<\/p>\n<p data-start=\"214\" data-end=\"329\">Een ideale plek om nieuwe energie op te doen met familie en vrienden, terwijl je het leven ervaart in een milieuvriendelijk huis.<\/p>\n\n\n<hr class=\"wp-block-separator has-css-opacity\"\/>\n\n\n\n\n\n\n\n\n<div id=\"ConstellationButtonContainerb68725b1-8d75-4e3a-b655-64d8238122be\" style=\"width:100%; text-align:center;\" title=\"Ecologis\" data-id-projet=\"b68725b18d754e3ab65564d8238122be\">Laden in uitvoering &#8230;<\/div> <script type=\"text\/javascript\" src=\"https:\/\/reservation.elloha.com\/Scripts\/widget-loader.min.js?v=41\"><\/script> <script type=\"text\/javascript\">var constellationWidgetUrlb68725b18d754e3ab65564d8238122be, constellationTypeModuleb68725b18d754e3ab65564d8238122be; constellationWidgetUrlb68725b18d754e3ab65564d8238122be = 'https:\/\/reservation.elloha.com\/Widget\/BookingButton\/b68725b1-8d75-4e3a-b655-64d8238122be?idoi=14b1d8f0-a686-4511-91c8-ca8129164a16&culture=nl-NL'; constellationTypeModuleb68725b18d754e3ab65564d8238122be=3; constellationBookingButtonLoad('ConstellationButtonContainerb68725b1-8d75-4e3a-b655-64d8238122be');<\/script>","protected":false},"excerpt":{"rendered":"<p>Soyez les bienvenus \u00e0 l&rsquo;\u00c9cologis de Hamoir.L\u00e0 o\u00f9 confort et \u00e9cologie se rencontrent, au c\u0153ur du magnifique Hameau de Lassus. Un lieu id\u00e9al pour se ressourcer en famille ou entre amis, tout en exp\u00e9rimentant la vie dans une maison \u00e9cologique.<\/p>","protected":false},"author":1,"featured_media":274,"parent":0,"menu_order":0,"comment_status":"closed","ping_status":"closed","template":"","meta":{"footnotes":""},"class_list":["post-8","page","type-page","status-publish","has-post-thumbnail","hentry"],"_links":{"self":[{"href":"https:\/\/ecologis-hamoir.be\/nl\/wp-json\/wp\/v2\/pages\/8","targetHints":{"allow":["GET"]}}],"collection":[{"href":"https:\/\/ecologis-hamoir.be\/nl\/wp-json\/wp\/v2\/pages"}],"about":[{"href":"https:\/\/ecologis-hamoir.be\/nl\/wp-json\/wp\/v2\/types\/page"}],"author":[{"embeddable":true,"href":"https:\/\/ecologis-hamoir.be\/nl\/wp-json\/wp\/v2\/users\/1"}],"replies":[{"embeddable":true,"href":"https:\/\/ecologis-hamoir.be\/nl\/wp-json\/wp\/v2\/comments?post=8"}],"version-history":[{"count":14,"href":"https:\/\/ecologis-hamoir.be\/nl\/wp-json\/wp\/v2\/pages\/8\/revisions"}],"predecessor-version":[{"id":288,"href":"https:\/\/ecologis-hamoir.be\/nl\/wp-json\/wp\/v2\/pages\/8\/revisions\/288"}],"wp:featuredmedia":[{"embeddable":true,"href":"https:\/\/ecologis-hamoir.be\/nl\/wp-json\/wp\/v2\/media\/274"}],"wp:attachment":[{"href":"https:\/\/ecologis-hamoir.be\/nl\/wp-json\/wp\/v2\/media?parent=8"}],"curies":[{"name":"wp","href":"https:\/\/api.w.org\/{rel}","templated":true}]}}