{"id":293,"date":"2025-06-21T16:24:18","date_gmt":"2025-06-21T14:24:18","guid":{"rendered":"https:\/\/ecologis-hamoir.be\/?page_id=293"},"modified":"2025-06-21T16:27:22","modified_gmt":"2025-06-21T14:27:22","slug":"avant-de-partir","status":"publish","type":"page","link":"https:\/\/ecologis-hamoir.be\/nl\/avant-de-partir\/","title":{"rendered":"Avant de partir&#8230;"},"content":{"rendered":"<p>Voici un document reprenant toutes les t\u00e2ches \u00e0 effectuer avant votre d\u00e9part.\u00a0<\/p>\n\n\n\n<div class=\"wp-block-file\"><a href=\"https:\/\/ecologis-hamoir.be\/wp-content\/uploads\/2025\/06\/Avant-de-partir.docx\" class=\"wp-block-file__button wp-element-button\" download>T\u00e9l\u00e9charger<\/a><\/div>\n\n\n\n<p><\/p>","protected":false},"excerpt":{"rendered":"<p>Voici un document reprenant toutes les t\u00e2ches \u00e0 effectuer avant votre d\u00e9part.\u00a0<\/p>","protected":false},"author":1,"featured_media":0,"parent":0,"menu_order":0,"comment_status":"closed","ping_status":"closed","template":"","meta":{"footnotes":""},"class_list":["post-293","page","type-page","status-publish","hentry"],"_links":{"self":[{"href":"https:\/\/ecologis-hamoir.be\/nl\/wp-json\/wp\/v2\/pages\/293","targetHints":{"allow":["GET"]}}],"collection":[{"href":"https:\/\/ecologis-hamoir.be\/nl\/wp-json\/wp\/v2\/pages"}],"about":[{"href":"https:\/\/ecologis-hamoir.be\/nl\/wp-json\/wp\/v2\/types\/page"}],"author":[{"embeddable":true,"href":"https:\/\/ecologis-hamoir.be\/nl\/wp-json\/wp\/v2\/users\/1"}],"replies":[{"embeddable":true,"href":"https:\/\/ecologis-hamoir.be\/nl\/wp-json\/wp\/v2\/comments?post=293"}],"version-history":[{"count":3,"href":"https:\/\/ecologis-hamoir.be\/nl\/wp-json\/wp\/v2\/pages\/293\/revisions"}],"predecessor-version":[{"id":297,"href":"https:\/\/ecologis-hamoir.be\/nl\/wp-json\/wp\/v2\/pages\/293\/revisions\/297"}],"wp:attachment":[{"href":"https:\/\/ecologis-hamoir.be\/nl\/wp-json\/wp\/v2\/media?parent=293"}],"curies":[{"name":"wp","href":"https:\/\/api.w.org\/{rel}","templated":true}]}}