{"id":240,"date":"2021-11-01T18:48:13","date_gmt":"2021-11-01T17:48:13","guid":{"rendered":"https:\/\/ecologis-hamoir.be\/?page_id=240"},"modified":"2025-06-21T16:12:15","modified_gmt":"2025-06-21T14:12:15","slug":"frequently-asked-questions-faq","status":"publish","type":"page","link":"https:\/\/ecologis-hamoir.be\/nl\/frequently-asked-questions-faq\/","title":{"rendered":"FAQ"},"content":{"rendered":"<p>Frequently Asked Questions<\/p>\n\n\n\n<p><strong>Is het mogelijk om 's avonds laat aan te komen?<\/strong><br>Ja, geen probleem. We zullen je uitleggen hoe je de sleutel kunt pakken als dat nodig is.<\/p>\n\n\n\n<p><strong>Zijn honden toegestaan?<\/strong><br>Omdat de g\u00eete nieuw is, hebben we liever geen huisdieren binnen. Uw honden kunnen in het tuinhuisje slapen. Let op: de tuin is omheind, maar niet met draad, dus honden kunnen onder het hek door.<\/p>\n\n\n\n<p><strong>Zijn er extra kosten?<\/strong><br>Nee, je reservering is all-in! Het is inclusief schoonmaak aan het eind van je verblijf, beddengoed, handdoeken, zeep, houtblokken voor het vuur (spaarzaam gebruiken), elektriciteit en verwarming (100% groen!).<\/p>\n\n\n\n<p><strong>Maakt de vijver deel uit van het eigendom?<\/strong><br>Nee. Je hebt alleen recht van overpad op het pad dat eraan grenst. Het gebied rond de vijver en de hut is van de buren.<\/p>\n\n\n\n<p><strong>Moet ik de verwarming zelf regelen?<\/strong><br>Non. Vous pouvez r\u00e9gler la ventilation via l'\u00e9cran situ\u00e9 \u00e0 c\u00f4t\u00e9 de l'escalier. Tout le reste est automatique. En cas de probl\u00e8me, n'h\u00e9sitez pas \u00e0 nous contacter.<\/p>\n\n\n\n<p><strong>Is er een garage voor fietsen?<\/strong><br>Je kunt je fietsen stallen in het afsluitbare tuinhuisje.<\/p>\n\n\n\n<p><strong>Hoeveel mensen kan het huisje herbergen?<\/strong><br>De g\u00eete is geschikt voor maximaal 9 personen, inclusief baby's.<\/p>\n\n\n\n<p><strong>Is er materiaal voor baby's?<\/strong><br>Ja, zie het gedeelte \u201cUitrusting\u201d.<\/p>\n\n\n\n<p><strong>Is er hout voor het vuur?<\/strong><br>Ja, logs zijn beschikbaar, maar gebruik ze spaarzaam.<\/p>","protected":false},"excerpt":{"rendered":"<p>Frequently Asked Questions Est-il possible d\u2019arriver tard le soir ?Oui, aucun souci. Nous vous expliquerons comment r\u00e9cup\u00e9rer la cl\u00e9 le cas \u00e9ch\u00e9ant. Les chiens sont-ils admis ?Le g\u00eete \u00e9tant neuf, nous pr\u00e9f\u00e9rons ne pas accueillir d\u2019animaux \u00e0 l\u2019int\u00e9rieur. Vos chiens peuvent \u00e9ventuellement dormir dans la cabane du jardin. Notez que le jardin est cl\u00f4tur\u00e9, mais &hellip; <\/p>\n<p class=\"link-more\"><a href=\"https:\/\/ecologis-hamoir.be\/nl\/frequently-asked-questions-faq\/\" class=\"more-link\">Lees verder<span class=\"screen-reader-text\"> \u00ab\u00a0FAQ\u00a0\u00bb<\/span><\/a><\/p>","protected":false},"author":1,"featured_media":0,"parent":0,"menu_order":0,"comment_status":"closed","ping_status":"closed","template":"","meta":{"footnotes":""},"class_list":["post-240","page","type-page","status-publish","hentry"],"_links":{"self":[{"href":"https:\/\/ecologis-hamoir.be\/nl\/wp-json\/wp\/v2\/pages\/240","targetHints":{"allow":["GET"]}}],"collection":[{"href":"https:\/\/ecologis-hamoir.be\/nl\/wp-json\/wp\/v2\/pages"}],"about":[{"href":"https:\/\/ecologis-hamoir.be\/nl\/wp-json\/wp\/v2\/types\/page"}],"author":[{"embeddable":true,"href":"https:\/\/ecologis-hamoir.be\/nl\/wp-json\/wp\/v2\/users\/1"}],"replies":[{"embeddable":true,"href":"https:\/\/ecologis-hamoir.be\/nl\/wp-json\/wp\/v2\/comments?post=240"}],"version-history":[{"count":6,"href":"https:\/\/ecologis-hamoir.be\/nl\/wp-json\/wp\/v2\/pages\/240\/revisions"}],"predecessor-version":[{"id":290,"href":"https:\/\/ecologis-hamoir.be\/nl\/wp-json\/wp\/v2\/pages\/240\/revisions\/290"}],"wp:attachment":[{"href":"https:\/\/ecologis-hamoir.be\/nl\/wp-json\/wp\/v2\/media?parent=240"}],"curies":[{"name":"wp","href":"https:\/\/api.w.org\/{rel}","templated":true}]}}