{"id":165,"date":"2020-11-24T18:28:31","date_gmt":"2020-11-24T17:28:31","guid":{"rendered":"http:\/\/ecologis-hamoir.be\/?page_id=165"},"modified":"2022-10-06T22:49:22","modified_gmt":"2022-10-06T20:49:22","slug":"artistes","status":"publish","type":"page","link":"https:\/\/ecologis-hamoir.be\/nl\/artistes\/","title":{"rendered":"Artisten &amp; ambachtslieden"},"content":{"rendered":"<p>Verschillende kunstenaars en ambachtslieden hebben bijgedragen aan het ontwerp en de inrichting van Ecologis. Wanneer kwaliteit en vriendschappen samenkomen voor een geweldig resultaat! <\/p>\n\n\n\n<p>Het project werd in eerste instantie begeleid door architect <strong>Caroline FONTAINE<\/strong>, talent, zachtheid en precisie.<\/p>\n\n\n\n<p><br><\/p>\n\n\n\n<div class=\"wp-block-image\"><figure class=\"aligncenter is-resized\"><img decoding=\"async\" data-src=\"http:\/\/ecologis-hamoir.be\/wp-content\/uploads\/2020\/11\/Atelier16.jpg\" alt=\"\" class=\"wp-image-167 lazyload\" width=\"178\" height=\"171\" src=\"data:image\/svg+xml;base64,PHN2ZyB3aWR0aD0iMSIgaGVpZ2h0PSIxIiB4bWxucz0iaHR0cDovL3d3dy53My5vcmcvMjAwMC9zdmciPjwvc3ZnPg==\" style=\"--smush-placeholder-width: 178px; --smush-placeholder-aspect-ratio: 178\/171;\" \/><figcaption><a href=\"https:\/\/www.a16design.com\/\">https:\/\/www.a16design.com\/<\/a><\/figcaption><\/figure><\/div>\n\n\n\n<p><em>L'Atelier16 zijn twee vrienden die hun knowhow hebben gebundeld om innovatieve en duurzame objecten en meubels te bestuderen en te vervaardigen met een overwicht van houtmateriaal, met name uit recuperatiekanalen. <\/em><\/p>\n\n\n\n<p><em>En deze vrienden zijn ook mijn vrienden! Zij zijn degenen die de tafels en de bar hebben gemaakt.<\/em><\/p>\n\n\n\n<div class=\"wp-block-image\"><figure class=\"aligncenter is-resized\"><img decoding=\"async\" data-src=\"http:\/\/ecologis-hamoir.be\/wp-content\/uploads\/2020\/11\/Caro-logo.jpg\" alt=\"\" class=\"wp-image-168 lazyload\" width=\"263\" height=\"55\" data-srcset=\"https:\/\/ecologis-hamoir.be\/wp-content\/uploads\/2020\/11\/Caro-logo.jpg 723w, https:\/\/ecologis-hamoir.be\/wp-content\/uploads\/2020\/11\/Caro-logo-300x63.jpg 300w\" data-sizes=\"(max-width: 263px) 100vw, 263px\" src=\"data:image\/svg+xml;base64,PHN2ZyB3aWR0aD0iMSIgaGVpZ2h0PSIxIiB4bWxucz0iaHR0cDovL3d3dy53My5vcmcvMjAwMC9zdmciPjwvc3ZnPg==\" style=\"--smush-placeholder-width: 263px; --smush-placeholder-aspect-ratio: 263\/55;\" \/><figcaption><a href=\"http:\/\/www.carolinechapeaux.com\">http:\/\/www.carolinechapeaux.com<\/a><\/figcaption><\/figure><\/div>\n\n\n\n<p><em>Antropoloog en journalist van opleiding, Caroline Chapeaux rapporteert voor reis- en sociale tijdschriften. Zijn foto's zijn ook het onderwerp van tentoonstellingen.<\/em><\/p>\n\n\n\n<p><em>De foto's van Caroline verheugen Ecologis, net zoals ze mijn leven betoveren!<\/em><\/p>\n\n\n\n<div class=\"wp-block-image\"><figure class=\"aligncenter is-resized\"><img decoding=\"async\" data-src=\"http:\/\/ecologis-hamoir.be\/wp-content\/uploads\/2020\/11\/Boris.jpg\" alt=\"\" class=\"wp-image-169 lazyload\" width=\"276\" height=\"37\" data-srcset=\"https:\/\/ecologis-hamoir.be\/wp-content\/uploads\/2020\/11\/Boris.jpg 394w, https:\/\/ecologis-hamoir.be\/wp-content\/uploads\/2020\/11\/Boris-300x40.jpg 300w\" data-sizes=\"(max-width: 276px) 100vw, 276px\" src=\"data:image\/svg+xml;base64,PHN2ZyB3aWR0aD0iMSIgaGVpZ2h0PSIxIiB4bWxucz0iaHR0cDovL3d3dy53My5vcmcvMjAwMC9zdmciPjwvc3ZnPg==\" style=\"--smush-placeholder-width: 276px; --smush-placeholder-aspect-ratio: 276\/37;\" \/><figcaption><a href=\"https:\/\/borismestcherskyart.blogspot.com\/\">https:\/\/borismestcherskyart.blogspot.com\/<\/a><\/figcaption><\/figure><\/div>\n\n\n\n<p><em>Boris Mestchersky is een Belgische schilder. <\/em><br><em>Ik heb altijd van zijn kleurenwerk gehouden<\/em>s<em> en het universum waarin zijn doeken me sinds mijn kindertijd hebben meegenomen. Boris is een broer voor mij!<\/em><\/p>\n\n\n\n<div class=\"wp-block-image\"><figure class=\"aligncenter is-resized\"><img decoding=\"async\" data-src=\"http:\/\/ecologis-hamoir.be\/wp-content\/uploads\/2020\/11\/savon.png\" alt=\"\" class=\"wp-image-170 lazyload\" width=\"211\" height=\"149\" src=\"data:image\/svg+xml;base64,PHN2ZyB3aWR0aD0iMSIgaGVpZ2h0PSIxIiB4bWxucz0iaHR0cDovL3d3dy53My5vcmcvMjAwMC9zdmciPjwvc3ZnPg==\" style=\"--smush-placeholder-width: 211px; --smush-placeholder-aspect-ratio: 211\/149;\" \/><figcaption><a href=\"https:\/\/www.leretourdusavon.com\/\">https:\/\/www.leretourdusavon.com\/<\/a><\/figcaption><\/figure><\/div>\n\n\n\n<p><em>Le Retour du Savon is een atelier voor het maken van \"duurzame\" zepen. Alle zepen en shampoos zijn gemaakt met gecertificeerde biologische plantaardige en essenti\u00eble oli\u00ebn of met niet-gecertificeerde biologische grondstoffen uit eerlijke handel of lokale landbouw. Wat hen de erkenning \u2018Slow Cosmetics\u2019 opleverde<\/em><\/p>\n\n\n\n<p><em>Ze worden aangeboden aan gasten van Ecologis. Weer een kans om een \u200b\u200bduurzaam alternatief te testen!<\/em><\/p>\n\n\n\n<figure class=\"wp-block-image size-large is-resized\"><img decoding=\"async\" data-src=\"http:\/\/ecologis-hamoir.be\/wp-content\/uploads\/2020\/11\/68cexn21_1_X-1024x372.jpeg\" alt=\"\" class=\"wp-image-179 lazyload\" width=\"409\" height=\"148\" data-srcset=\"https:\/\/ecologis-hamoir.be\/wp-content\/uploads\/2020\/11\/68cexn21_1_X-1024x372.jpeg 1024w, https:\/\/ecologis-hamoir.be\/wp-content\/uploads\/2020\/11\/68cexn21_1_X-300x109.jpeg 300w, https:\/\/ecologis-hamoir.be\/wp-content\/uploads\/2020\/11\/68cexn21_1_X-768x279.jpeg 768w, https:\/\/ecologis-hamoir.be\/wp-content\/uploads\/2020\/11\/68cexn21_1_X.jpeg 1198w\" data-sizes=\"(max-width: 409px) 100vw, 409px\" src=\"data:image\/svg+xml;base64,PHN2ZyB3aWR0aD0iMSIgaGVpZ2h0PSIxIiB4bWxucz0iaHR0cDovL3d3dy53My5vcmcvMjAwMC9zdmciPjwvc3ZnPg==\" style=\"--smush-placeholder-width: 409px; --smush-placeholder-aspect-ratio: 409\/148;\" \/><\/figure>\n\n\n\n<p>Ook wel Mr KNX genoemd, mijn oude vriend Greg heeft de kunst om machines intelligent te maken om comfort te garanderen en tegelijkertijd het energieverbruik te beperken.<\/p>\n\n\n\n<p>We groeten ook het opmerkelijke werk van het bedrijf <strong>Peiffer-Morelle<\/strong> voor het leggen van puin <strong>Ets Petit<\/strong> voor schrijnwerk, <strong>Michel Coul\u00e9e<\/strong> voor grondwerken en <strong>St\u00e9phane Bodarw\u00e9<\/strong> voor loodgieterswerk.<\/p>","protected":false},"excerpt":{"rendered":"<p>Plusieurs artistes et artisans ont contribu\u00e9 \u00e0 la conception et la d\u00e9coration de l&rsquo;Ecologis. Quand qualit\u00e9 et amiti\u00e9s se rejoignent pour un beau r\u00e9sultat ! Le chantier a tout d&rsquo;abord \u00e9t\u00e9 suivi par l&rsquo;architecte Caroline FONTAINE, talent, douceur et pr\u00e9cision. L&rsquo;Atelier16 c&rsquo;est deux amis ayant mis leur&nbsp;savoir-faire en commun&nbsp;pour \u00e9tudier&nbsp;et&nbsp;fabriquer&nbsp;des objets&nbsp;et du mobilier&nbsp;innovants et durables&nbsp;avec &hellip; <\/p>\n<p class=\"link-more\"><a href=\"https:\/\/ecologis-hamoir.be\/nl\/artistes\/\" class=\"more-link\">Lees verder<span class=\"screen-reader-text\"> \u00ab\u00a0Artistes &#038; artisans\u00a0\u00bb<\/span><\/a><\/p>","protected":false},"author":1,"featured_media":0,"parent":0,"menu_order":0,"comment_status":"closed","ping_status":"closed","template":"","meta":{"footnotes":""},"class_list":["post-165","page","type-page","status-publish","hentry"],"_links":{"self":[{"href":"https:\/\/ecologis-hamoir.be\/nl\/wp-json\/wp\/v2\/pages\/165","targetHints":{"allow":["GET"]}}],"collection":[{"href":"https:\/\/ecologis-hamoir.be\/nl\/wp-json\/wp\/v2\/pages"}],"about":[{"href":"https:\/\/ecologis-hamoir.be\/nl\/wp-json\/wp\/v2\/types\/page"}],"author":[{"embeddable":true,"href":"https:\/\/ecologis-hamoir.be\/nl\/wp-json\/wp\/v2\/users\/1"}],"replies":[{"embeddable":true,"href":"https:\/\/ecologis-hamoir.be\/nl\/wp-json\/wp\/v2\/comments?post=165"}],"version-history":[{"count":7,"href":"https:\/\/ecologis-hamoir.be\/nl\/wp-json\/wp\/v2\/pages\/165\/revisions"}],"predecessor-version":[{"id":267,"href":"https:\/\/ecologis-hamoir.be\/nl\/wp-json\/wp\/v2\/pages\/165\/revisions\/267"}],"wp:attachment":[{"href":"https:\/\/ecologis-hamoir.be\/nl\/wp-json\/wp\/v2\/media?parent=165"}],"curies":[{"name":"wp","href":"https:\/\/api.w.org\/{rel}","templated":true}]}}