{"id":121,"date":"2020-10-11T14:04:46","date_gmt":"2020-10-11T12:04:46","guid":{"rendered":"http:\/\/ecologis-hamoir.be\/?page_id=121"},"modified":"2021-10-14T11:40:12","modified_gmt":"2021-10-14T09:40:12","slug":"reservations","status":"publish","type":"page","link":"https:\/\/ecologis-hamoir.be\/nl\/reservations\/","title":{"rendered":"Boekingen"},"content":{"rendered":"<h2 class=\"has-text-align-center wp-block-heading\">Boek direct voor de beste prijs!<\/h2>\n\n\n\n\n\n\n\n<hr class=\"wp-block-separator\"\/>\n\n\n\n\n<div id=\"ConstellationWidgetContainerc202481e-81c8-49d6-8c93-15bdda1221f1\" style=\"width:100%\" title=\"Ecologis\" data-id-projet=\"c202481e81c849d68c9315bdda1221f1\">Laden in uitvoering &#8230;<\/div> <script type=\"text\/javascript\" src=\"https:\/\/reservation.elloha.com\/Scripts\/widget-loader.min.js?v=41\"><\/script> <script type=\"text\/javascript\">var constellationWidgetUrlc202481e81c849d68c9315bdda1221f1, constellationTypeModulec202481e81c849d68c9315bdda1221f1; constellationWidgetUrlc202481e81c849d68c9315bdda1221f1 = 'https:\/\/reservation.elloha.com\/Widget\/BookingEngine\/c202481e-81c8-49d6-8c93-15bdda1221f1?idoi=14b1d8f0-a686-4511-91c8-ca8129164a16&culture=nl-NL'; constellationTypeModulec202481e81c849d68c9315bdda1221f1=1; constellationWidgetLoad('ConstellationWidgetContainerc202481e-81c8-49d6-8c93-15bdda1221f1'); constellationWidgetAddEvent(window, \"resize\", function () { constellationWidgetSetAppearance('ConstellationWidgetContainerc202481e-81c8-49d6-8c93-15bdda1221f1'); });<\/script>\n\n\n\n\n<p>Reserveringen van minimaal 2 nachten. Aankomst alleen van maandag tot vrijdag.<\/p>","protected":false},"excerpt":{"rendered":"<p>R\u00e9servez en direct au meilleur prix ! R\u00e9servations de minimum 2 nuits. Arriv\u00e9e uniquement du lundi au vendredi.<\/p>","protected":false},"author":1,"featured_media":0,"parent":0,"menu_order":0,"comment_status":"closed","ping_status":"closed","template":"","meta":{"footnotes":""},"class_list":["post-121","page","type-page","status-publish","hentry"],"_links":{"self":[{"href":"https:\/\/ecologis-hamoir.be\/nl\/wp-json\/wp\/v2\/pages\/121","targetHints":{"allow":["GET"]}}],"collection":[{"href":"https:\/\/ecologis-hamoir.be\/nl\/wp-json\/wp\/v2\/pages"}],"about":[{"href":"https:\/\/ecologis-hamoir.be\/nl\/wp-json\/wp\/v2\/types\/page"}],"author":[{"embeddable":true,"href":"https:\/\/ecologis-hamoir.be\/nl\/wp-json\/wp\/v2\/users\/1"}],"replies":[{"embeddable":true,"href":"https:\/\/ecologis-hamoir.be\/nl\/wp-json\/wp\/v2\/comments?post=121"}],"version-history":[{"count":16,"href":"https:\/\/ecologis-hamoir.be\/nl\/wp-json\/wp\/v2\/pages\/121\/revisions"}],"predecessor-version":[{"id":233,"href":"https:\/\/ecologis-hamoir.be\/nl\/wp-json\/wp\/v2\/pages\/121\/revisions\/233"}],"wp:attachment":[{"href":"https:\/\/ecologis-hamoir.be\/nl\/wp-json\/wp\/v2\/media?parent=121"}],"curies":[{"name":"wp","href":"https:\/\/api.w.org\/{rel}","templated":true}]}}